{"id":11,"date":"2024-07-08T10:37:35","date_gmt":"2024-07-08T07:37:35","guid":{"rendered":"https:\/\/samtekenerji.com\/tr\/?page_id=11"},"modified":"2025-12-09T10:34:55","modified_gmt":"2025-12-09T07:34:55","slug":"about","status":"publish","type":"page","link":"https:\/\/samtekenerji.com\/tr\/about\/","title":{"rendered":"Hakk\u0131m\u0131zda"},"content":{"rendered":"<p>[et_pb_section fb_built=&#8221;1&#8243; fullwidth=&#8221;on&#8221; _builder_version=&#8221;4.27.2&#8243; _module_preset=&#8221;default&#8221; background_color=&#8221;#efefef&#8221; background_image=&#8221;https:\/\/samtekenerji.com\/tr\/wp-content\/uploads\/2024\/10\/about-2.jpg&#8221; custom_padding=&#8221;||||false|false&#8221; locked=&#8221;off&#8221; global_colors_info=&#8221;{}&#8221;][et_pb_fullwidth_header title=&#8221;Hakk\u0131m\u0131zda&#8221; _builder_version=&#8221;4.27.5&#8243; _module_preset=&#8221;default&#8221; title_text_align=&#8221;left&#8221; title_text_color=&#8221;#FFFFFF&#8221; title_font_size=&#8221;40px&#8221; content_text_align=&#8221;left&#8221; subhead_text_align=&#8221;left&#8221; content_link_text_color=&#8221;#FFFFFF&#8221; content_quote_text_align=&#8221;left&#8221; background_color=&#8221;rgba(0,0,0,0.49)&#8221; module_alignment=&#8221;left&#8221; custom_padding=&#8221;10%||10%||false|false&#8221; hover_enabled=&#8221;0&#8243; global_colors_info=&#8221;{}&#8221; sticky_enabled=&#8221;0&#8243;]<\/p>\n<p style=\"text-align: left;\"><a href=\"https:\/\/samtekenerji.com\/tr\/\">Ana sayfa<\/a> &gt; <a href=\"https:\/\/samtekenerji.com\/tr\/about\">Hakk\u0131m\u0131zda<\/a><\/p>\n<p>[\/et_pb_fullwidth_header][\/et_pb_section][et_pb_section fb_built=&#8221;1&#8243; _builder_version=&#8221;4.16&#8243; global_colors_info=&#8221;{}&#8221;][et_pb_row _builder_version=&#8221;4.16&#8243; background_size=&#8221;initial&#8221; background_position=&#8221;top_left&#8221; background_repeat=&#8221;repeat&#8221; global_colors_info=&#8221;{}&#8221;][et_pb_column type=&#8221;4_4&#8243; _builder_version=&#8221;4.16&#8243; custom_padding=&#8221;|||&#8221; global_colors_info=&#8221;{}&#8221; custom_padding__hover=&#8221;|||&#8221;][et_pb_text _builder_version=&#8221;4.27.5&#8243; background_size=&#8221;initial&#8221; background_position=&#8221;top_left&#8221; background_repeat=&#8221;repeat&#8221; hover_enabled=&#8221;0&#8243; global_colors_info=&#8221;{}&#8221; sticky_enabled=&#8221;0&#8243;]SAMTEK Enerji olarak, enerji ihtiya\u00e7lar\u0131n\u0131z\u0131 kar\u015f\u0131lamak i\u00e7in kapsaml\u0131 \u00e7\u00f6z\u00fcmler sunmaya kendimizi adad\u0131k.<br \/>\n Kalite ve s\u00fcrd\u00fcr\u00fclebilirli\u011fe olan g\u00fc\u00e7l\u00fc ba\u011fl\u0131l\u0131\u011f\u0131m\u0131zla, enerji sekt\u00f6r\u00fcne \u00f6zel olarak uyarlanm\u0131\u015f geni\u015f \u00fcr\u00fcn yelpazesinin tedarikinde uzman\u0131z.<br \/>\n Kapsaml\u0131 portf\u00f6y\u00fcm\u00fcz \u015funlar\u0131 i\u00e7ermektedir:[\/et_pb_text][\/et_pb_column][\/et_pb_row][et_pb_row column_structure=&#8221;1_2,1_2&#8243; _builder_version=&#8221;4.27.2&#8243; _module_preset=&#8221;default&#8221; global_colors_info=&#8221;{}&#8221;][et_pb_column type=&#8221;1_2&#8243; _builder_version=&#8221;4.27.2&#8243; _module_preset=&#8221;default&#8221; global_colors_info=&#8221;{}&#8221;][et_pb_image src=&#8221;https:\/\/samtekenerji.com\/tr\/wp-content\/uploads\/2025\/12\/pie-chart-tr1.jpg&#8221; alt=&#8221;pie chart&#8221; title_text=&#8221;pie-chart-tr1&#8243; show_in_lightbox=&#8221;on&#8221; align=&#8221;center&#8221; _builder_version=&#8221;4.27.5&#8243; _module_preset=&#8221;default&#8221; module_alignment=&#8221;center&#8221; hover_enabled=&#8221;0&#8243; border_radii=&#8221;on|15px|15px|15px|15px&#8221; box_shadow_style=&#8221;preset1&#8243; global_colors_info=&#8221;{}&#8221; sticky_enabled=&#8221;0&#8243;][\/et_pb_image][\/et_pb_column][et_pb_column type=&#8221;1_2&#8243; _builder_version=&#8221;4.27.2&#8243; _module_preset=&#8221;default&#8221; global_colors_info=&#8221;{}&#8221;][et_pb_image src=&#8221;https:\/\/samtekenerji.com\/tr\/wp-content\/uploads\/2025\/12\/pie-chart-tr2.jpg&#8221; alt=&#8221;pie chart 2&#8243; title_text=&#8221;pie-chart-tr2&#8243; show_in_lightbox=&#8221;on&#8221; align=&#8221;center&#8221; _builder_version=&#8221;4.27.5&#8243; _module_preset=&#8221;default&#8221; module_alignment=&#8221;center&#8221; hover_enabled=&#8221;0&#8243; border_radii=&#8221;on|15px|15px|15px|15px&#8221; box_shadow_style=&#8221;preset1&#8243; global_colors_info=&#8221;{}&#8221; sticky_enabled=&#8221;0&#8243;][\/et_pb_image][\/et_pb_column][\/et_pb_row][\/et_pb_section][et_pb_section fb_built=&#8221;1&#8243; _builder_version=&#8221;4.26.0&#8243; _module_preset=&#8221;default&#8221; background_color=&#8221;#efefef&#8221; custom_padding=&#8221;25px||||false|false&#8221; global_colors_info=&#8221;{}&#8221;][et_pb_row _builder_version=&#8221;4.26.0&#8243; _module_preset=&#8221;default&#8221; global_colors_info=&#8221;{}&#8221;][et_pb_column type=&#8221;4_4&#8243; _builder_version=&#8221;4.26.0&#8243; _module_preset=&#8221;default&#8221; global_colors_info=&#8221;{}&#8221;][et_pb_text _builder_version=&#8221;4.27.5&#8243; _module_preset=&#8221;default&#8221; hover_enabled=&#8221;0&#8243; global_colors_info=&#8221;{}&#8221; sticky_enabled=&#8221;0&#8243;]<\/p>\n<h3 style=\"text-align: center;\">Hakk\u0131m\u0131zda<br \/><strong><\/strong><\/h3>\n<p>[\/et_pb_text][\/et_pb_column][\/et_pb_row][et_pb_row column_structure=&#8221;1_3,1_3,1_3&#8243; disabled_on=&#8221;on|on|on&#8221; _builder_version=&#8221;4.27.2&#8243; background_size=&#8221;initial&#8221; background_position=&#8221;top_left&#8221; background_repeat=&#8221;repeat&#8221; custom_padding=&#8221;|||&#8221; disabled=&#8221;on&#8221; global_colors_info=&#8221;{}&#8221;][et_pb_column type=&#8221;1_3&#8243; _builder_version=&#8221;4.16&#8243; background_position=&#8221;top_left&#8221; custom_padding=&#8221;|||&#8221; global_colors_info=&#8221;{}&#8221; custom_padding__hover=&#8221;|||&#8221;][et_pb_blurb title=&#8221;Expertise&#8221; use_icon=&#8221;on&#8221; font_icon=&#8221;&#xf4fd;||fa||900&#8243; icon_color=&#8221;#37175B&#8221; image_icon_width=&#8221;60px&#8221; admin_label=&#8221;Expertise&#8221; _builder_version=&#8221;4.26.0&#8243; header_font=&#8221;||||||||&#8221; header_text_color=&#8221;#B22166&#8243; header_font_size=&#8221;18px&#8221; header_line_height=&#8221;1.8em&#8221; body_font_size=&#8221;16px&#8221; body_line_height=&#8221;1.9em&#8221; background_size=&#8221;initial&#8221; background_position=&#8221;top_left&#8221; background_repeat=&#8221;repeat&#8221; text_orientation=&#8221;center&#8221; animation_style=&#8221;fold&#8221; animation_direction=&#8221;bottom&#8221; animation_intensity_fold=&#8221;30%&#8221; icon_font_size=&#8221;60px&#8221; global_colors_info=&#8221;{}&#8221;]<\/p>\n<p>With years of experience in the energy sector, we possess the knowledge and skills to deliver top-tier solutions.<\/p>\n<p>[\/et_pb_blurb][\/et_pb_column][et_pb_column type=&#8221;1_3&#8243; _builder_version=&#8221;4.16&#8243; background_position=&#8221;top_left&#8221; custom_padding=&#8221;|||&#8221; global_colors_info=&#8221;{}&#8221; custom_padding__hover=&#8221;|||&#8221;][et_pb_blurb title=&#8221;Quality&#8221; use_icon=&#8221;on&#8221; font_icon=&#8221;&#x5a;||divi||400&#8243; icon_color=&#8221;#37175B&#8221; image_icon_width=&#8221;60px&#8221; admin_label=&#8221;Equipment&#8221; _builder_version=&#8221;4.26.0&#8243; header_font=&#8221;||||||||&#8221; header_text_color=&#8221;#B22166&#8243; header_font_size=&#8221;18px&#8221; header_line_height=&#8221;1.8em&#8221; body_font_size=&#8221;16px&#8221; body_line_height=&#8221;1.9em&#8221; background_size=&#8221;initial&#8221; background_position=&#8221;top_left&#8221; background_repeat=&#8221;repeat&#8221; text_orientation=&#8221;center&#8221; animation_style=&#8221;fold&#8221; animation_direction=&#8221;bottom&#8221; animation_delay=&#8221;100ms&#8221; animation_intensity_fold=&#8221;30%&#8221; icon_font_size=&#8221;60px&#8221; global_colors_info=&#8221;{}&#8221;]<\/p>\n<p>Our products are sourced from reputable manufacturers and are rigorously tested to ensure they meet the highest standards.<\/p>\n<p>[\/et_pb_blurb][\/et_pb_column][et_pb_column type=&#8221;1_3&#8243; _builder_version=&#8221;4.16&#8243; background_position=&#8221;top_left&#8221; custom_padding=&#8221;|||&#8221; global_colors_info=&#8221;{}&#8221; custom_padding__hover=&#8221;|||&#8221;][et_pb_blurb title=&#8221;Sustainability&#8221; use_icon=&#8221;on&#8221; font_icon=&#8221;&#xf494;||fa||900&#8243; icon_color=&#8221;#37175B&#8221; image_icon_width=&#8221;60px&#8221; admin_label=&#8221;Sustainability&#8221; _builder_version=&#8221;4.26.0&#8243; header_font=&#8221;||||||||&#8221; header_text_color=&#8221;#B22166&#8243; header_font_size=&#8221;18px&#8221; header_line_height=&#8221;1.8em&#8221; body_font_size=&#8221;16px&#8221; body_line_height=&#8221;1.9em&#8221; background_size=&#8221;initial&#8221; background_position=&#8221;top_left&#8221; background_repeat=&#8221;repeat&#8221; text_orientation=&#8221;center&#8221; animation_style=&#8221;fold&#8221; animation_direction=&#8221;bottom&#8221; animation_delay=&#8221;300ms&#8221; animation_intensity_fold=&#8221;30%&#8221; icon_font_size=&#8221;60px&#8221; global_colors_info=&#8221;{}&#8221;]<\/p>\n<p>We are dedicated to providing green solutions that contribute to a sustainable energy future.<\/p>\n<p>[\/et_pb_blurb][\/et_pb_column][\/et_pb_row][et_pb_row column_structure=&#8221;1_3,1_3,1_3&#8243; disabled_on=&#8221;on|on|on&#8221; _builder_version=&#8221;4.27.2&#8243; background_size=&#8221;initial&#8221; background_position=&#8221;top_left&#8221; background_repeat=&#8221;repeat&#8221; custom_padding=&#8221;|||&#8221; disabled=&#8221;on&#8221; global_colors_info=&#8221;{}&#8221;][et_pb_column type=&#8221;1_3&#8243; _builder_version=&#8221;4.16&#8243; background_position=&#8221;top_left&#8221; custom_padding=&#8221;|||&#8221; global_colors_info=&#8221;{}&#8221; custom_padding__hover=&#8221;|||&#8221;][et_pb_blurb title=&#8221;Customer Focus&#8221; use_icon=&#8221;on&#8221; font_icon=&#8221;&#xf00e;||fa||900&#8243; icon_color=&#8221;#37175B&#8221; image_icon_width=&#8221;60px&#8221; admin_label=&#8221;Customer Focus&#8221; _builder_version=&#8221;4.26.0&#8243; header_font=&#8221;||||||||&#8221; header_text_color=&#8221;#B22166&#8243; header_font_size=&#8221;18px&#8221; header_line_height=&#8221;1.8em&#8221; body_font_size=&#8221;16px&#8221; body_line_height=&#8221;1.9em&#8221; background_size=&#8221;initial&#8221; background_position=&#8221;top_left&#8221; background_repeat=&#8221;repeat&#8221; text_orientation=&#8221;center&#8221; animation_style=&#8221;fold&#8221; animation_direction=&#8221;bottom&#8221; animation_intensity_fold=&#8221;30%&#8221; icon_font_size=&#8221;60px&#8221; global_colors_info=&#8221;{}&#8221;]<\/p>\n<p>Your satisfaction is our priority. We work closely with you to understand your needs and deliver customized solutions.<\/p>\n<p>[\/et_pb_blurb][\/et_pb_column][et_pb_column type=&#8221;1_3&#8243; _builder_version=&#8221;4.16&#8243; background_position=&#8221;top_left&#8221; custom_padding=&#8221;|||&#8221; global_colors_info=&#8221;{}&#8221; custom_padding__hover=&#8221;|||&#8221;][et_pb_blurb title=&#8221;Global Partnerships&#8221; use_icon=&#8221;on&#8221; font_icon=&#8221;&#xf57e;||fa||900&#8243; icon_color=&#8221;#37175B&#8221; image_icon_width=&#8221;60px&#8221; admin_label=&#8221;Global Partnerships&#8221; _builder_version=&#8221;4.26.0&#8243; header_font=&#8221;||||||||&#8221; header_text_color=&#8221;#B22166&#8243; header_font_size=&#8221;18px&#8221; header_line_height=&#8221;1.8em&#8221; body_font_size=&#8221;16px&#8221; body_line_height=&#8221;1.9em&#8221; background_size=&#8221;initial&#8221; background_position=&#8221;top_left&#8221; background_repeat=&#8221;repeat&#8221; text_orientation=&#8221;center&#8221; animation_style=&#8221;fold&#8221; animation_direction=&#8221;bottom&#8221; animation_delay=&#8221;100ms&#8221; animation_intensity_fold=&#8221;30%&#8221; icon_font_size=&#8221;60px&#8221; global_colors_info=&#8221;{}&#8221;]<\/p>\n<p>Along with our capable partners across the globe, SAMTEK Enerji can meet customer needs with the best quality products and services.<\/p>\n<p>[\/et_pb_blurb][\/et_pb_column][et_pb_column type=&#8221;1_3&#8243; _builder_version=&#8221;4.16&#8243; background_position=&#8221;top_left&#8221; custom_padding=&#8221;|||&#8221; global_colors_info=&#8221;{}&#8221; custom_padding__hover=&#8221;|||&#8221;][\/et_pb_column][\/et_pb_row][et_pb_row _builder_version=&#8221;4.27.2&#8243; _module_preset=&#8221;default&#8221; global_colors_info=&#8221;{}&#8221;][et_pb_column type=&#8221;4_4&#8243; _builder_version=&#8221;4.27.2&#8243; _module_preset=&#8221;default&#8221; global_colors_info=&#8221;{}&#8221;][et_pb_text _builder_version=&#8221;4.27.5&#8243; _module_preset=&#8221;default&#8221; global_colors_info=&#8221;{}&#8221;]CEO\u2019muz, Samtek Enerji\u2019yi 2023 y\u0131l\u0131n\u0131n bahar\u0131nda, merkezi \u0130zmir, T\u00fcrkiye olacak \u015fekilde kurmu\u015ftur. Enerji santralleri, petrol rafinerileri ve gaz rafinerileri gibi sekt\u00f6rlerde 27 y\u0131l\u0131 a\u015fk\u0131n deneyime sahip olan kurucumuz, petrol ve gaz end\u00fcstrisinde bir\u00e7ok b\u00fcy\u00fck \u00f6l\u00e7ekli projeyi ba\u015far\u0131yla y\u00f6netmi\u015ftir. Proje y\u00f6netimi ve tedarik konular\u0131ndaki geni\u015f uzmanl\u0131\u011f\u0131ndan yararlanarak, m\u00fc\u015fterilerimizin \u00f6zel ihtiya\u00e7lar\u0131na uygun \u00f6zelle\u015ftirilmi\u015f \u00e7\u00f6z\u00fcmler sunan yetkin bir ekip olu\u015fturmu\u015ftur.<br \/>\nSamtek Enerji olarak, dinamik ve esnek yakla\u015f\u0131m\u0131m\u0131zla gurur duyuyoruz. M\u00fc\u015fteri gereksinimlerine g\u00f6re; ister tedarik s\u00fcre\u00e7lerine destek veren dan\u0131\u015fman, ister tedarik\u00e7i, ister i\u015f orta\u011f\u0131 olarak farkl\u0131 rollere uyum sa\u011flayabiliyoruz.<br \/>\n Amac\u0131m\u0131z, s\u00fcreci olabildi\u011fince sorunsuz, pratik ve verimli hale getirerek, m\u00fc\u015fterilerimizin ba\u015far\u0131s\u0131na katk\u0131da bulunmaktad\u0131r.[\/et_pb_text][\/et_pb_column][\/et_pb_row][\/et_pb_section]<\/p>\n","protected":false},"excerpt":{"rendered":"<p>Ana sayfa &gt; Hakk\u0131m\u0131zdaSAMTEK Enerji olarak, enerji ihtiya\u00e7lar\u0131n\u0131z\u0131 kar\u015f\u0131lamak i\u00e7in kapsaml\u0131 \u00e7\u00f6z\u00fcmler sunmaya kendimizi adad\u0131k. Kalite ve s\u00fcrd\u00fcr\u00fclebilirli\u011fe olan g\u00fc\u00e7l\u00fc ba\u011fl\u0131l\u0131\u011f\u0131m\u0131zla, enerji sekt\u00f6r\u00fcne \u00f6zel olarak uyarlanm\u0131\u015f geni\u015f \u00fcr\u00fcn yelpazesinin tedarikinde uzman\u0131z. Kapsaml\u0131 portf\u00f6y\u00fcm\u00fcz \u015funlar\u0131 i\u00e7ermektedir:Hakk\u0131m\u0131zdaWith years of experience in the energy sector, we possess the knowledge and skills to deliver top-tier solutions.Our products are sourced [&hellip;]<\/p>\n","protected":false},"author":2,"featured_media":0,"parent":0,"menu_order":2,"comment_status":"closed","ping_status":"closed","template":"","meta":{"_et_pb_use_builder":"on","_et_pb_old_content":"<p>At SAMTEK Enerji, we are dedicated to providing comprehensive solutions to meet your energy needs. With a strong commitmen to quality and sustainability, we specialize in the supply of a diverse range of products tailored for the energy sector. Our extensive portfolio<br \/>includes:<br \/>\u2022 Package Solutions<br \/>\u2022 Equipment<br \/>\u2022 Spare Parts<br \/>\u2022 Green and Eco- Friendly Products<br \/>\u2022 Protectional Products<\/p><p>\u00a0<\/p><p><strong>Why Choose SAMTEK Enerji?<\/strong><br \/><strong>Expertise:<\/strong> With years of experience in the energy sector, we possess the knowledge and skills to deliver top-tier solutions.<\/p><p><strong>Quality:<\/strong> Our products are sourced from reputable manufacturers and are rigorously tested to ensure they meet the highest standards.<\/p><p><strong>Sustainability:<\/strong> We are dedicated to providing green solutions that contribute to a sustainable energy future.<\/p><p><strong>Customer Focus:<\/strong> Your satisfaction is our priority. We work closely with you to understand your needs and deliver customized solutions.<\/p><p><strong>Global Partnerships:<\/strong> Along with our capable partners across the globe, SAMTEK Enerji can meet customer needs with the best quality products and services.<\/p>","_et_gb_content_width":"","footnotes":""},"class_list":["post-11","page","type-page","status-publish","hentry"],"_links":{"self":[{"href":"https:\/\/samtekenerji.com\/tr\/wp-json\/wp\/v2\/pages\/11","targetHints":{"allow":["GET"]}}],"collection":[{"href":"https:\/\/samtekenerji.com\/tr\/wp-json\/wp\/v2\/pages"}],"about":[{"href":"https:\/\/samtekenerji.com\/tr\/wp-json\/wp\/v2\/types\/page"}],"author":[{"embeddable":true,"href":"https:\/\/samtekenerji.com\/tr\/wp-json\/wp\/v2\/users\/2"}],"replies":[{"embeddable":true,"href":"https:\/\/samtekenerji.com\/tr\/wp-json\/wp\/v2\/comments?post=11"}],"version-history":[{"count":4,"href":"https:\/\/samtekenerji.com\/tr\/wp-json\/wp\/v2\/pages\/11\/revisions"}],"predecessor-version":[{"id":632,"href":"https:\/\/samtekenerji.com\/tr\/wp-json\/wp\/v2\/pages\/11\/revisions\/632"}],"wp:attachment":[{"href":"https:\/\/samtekenerji.com\/tr\/wp-json\/wp\/v2\/media?parent=11"}],"curies":[{"name":"wp","href":"https:\/\/api.w.org\/{rel}","templated":true}]}}