{"id":15,"date":"2024-07-08T10:37:52","date_gmt":"2024-07-08T07:37:52","guid":{"rendered":"https:\/\/samtekenerji.com\/tr\/?page_id=15"},"modified":"2025-12-09T10:01:24","modified_gmt":"2025-12-09T07:01:24","slug":"package-solutions","status":"publish","type":"page","link":"https:\/\/samtekenerji.com\/tr\/package-solutions\/","title":{"rendered":"Paket \u00c7\u00f6z\u00fcmler"},"content":{"rendered":"<p>[et_pb_section fb_built=&#8221;1&#8243; fullwidth=&#8221;on&#8221; _builder_version=&#8221;4.27.2&#8243; _module_preset=&#8221;default&#8221; background_color=&#8221;#efefef&#8221; background_image=&#8221;https:\/\/samtekenerji.com\/tr\/wp-content\/uploads\/2024\/10\/package-solutions-1400.jpg&#8221; custom_padding=&#8221;||||false|false&#8221; locked=&#8221;off&#8221; global_colors_info=&#8221;{}&#8221;][et_pb_fullwidth_header title=&#8221;Paket \u00c7\u00f6z\u00fcmler&#8221; _builder_version=&#8221;4.27.5&#8243; _module_preset=&#8221;default&#8221; title_text_align=&#8221;left&#8221; title_text_color=&#8221;#FFFFFF&#8221; title_font_size=&#8221;40px&#8221; content_text_align=&#8221;left&#8221; subhead_text_align=&#8221;left&#8221; content_link_text_color=&#8221;#FFFFFF&#8221; content_quote_text_align=&#8221;left&#8221; background_color=&#8221;rgba(0,0,0,0.49)&#8221; module_alignment=&#8221;left&#8221; custom_padding=&#8221;10%||10%||false|false&#8221; hover_enabled=&#8221;0&#8243; global_colors_info=&#8221;{}&#8221; sticky_enabled=&#8221;0&#8243;]<\/p>\n<p style=\"text-align: left;\"><a href=\"https:\/\/samtekenerji.com\/tr\/\">Ana sayfa<\/a> &gt; <a href=\"https:\/\/samtekenerji.com\/tr\/package-solutions\">Paket \u00c7\u00f6z\u00fcmler<\/a><\/p>\n<p>[\/et_pb_fullwidth_header][\/et_pb_section][et_pb_section fb_built=&#8221;1&#8243; admin_label=&#8221;section&#8221; _builder_version=&#8221;4.16&#8243; global_colors_info=&#8221;{}&#8221;][et_pb_row column_structure=&#8221;1_2,1_2&#8243; make_equal=&#8221;on&#8221; admin_label=&#8221;row&#8221; _builder_version=&#8221;4.27.2&#8243; background_size=&#8221;initial&#8221; background_position=&#8221;top_left&#8221; background_repeat=&#8221;repeat&#8221; global_colors_info=&#8221;{}&#8221;][et_pb_column type=&#8221;1_2&#8243; module_class=&#8221;ds-vertical-align&#8221; _builder_version=&#8221;4.27.2&#8243; custom_padding=&#8221;|||&#8221; global_colors_info=&#8221;{}&#8221; custom_padding__hover=&#8221;|||&#8221;][et_pb_image src=&#8221;https:\/\/samtekenerji.com\/tr\/wp-content\/uploads\/2024\/10\/turbo-machinery-600.jpg&#8221; title_text=&#8221;turbo-machinery-600&#8243; align=&#8221;center&#8221; _builder_version=&#8221;4.27.2&#8243; _module_preset=&#8221;default&#8221; width=&#8221;400px&#8221; module_alignment=&#8221;center&#8221; border_radii=&#8221;on|25px|25px|25px|25px&#8221; box_shadow_style=&#8221;preset4&#8243; box_shadow_color=&#8221;#B22166&#8243; global_colors_info=&#8221;{}&#8221;][\/et_pb_image][\/et_pb_column][et_pb_column type=&#8221;1_2&#8243; module_class=&#8221;ds-vertical-align&#8221; _builder_version=&#8221;4.27.2&#8243; custom_padding=&#8221;|||&#8221; global_colors_info=&#8221;{}&#8221; custom_padding__hover=&#8221;|||&#8221;][et_pb_text admin_label=&#8221;Text&#8221; _builder_version=&#8221;4.27.5&#8243; background_size=&#8221;initial&#8221; background_position=&#8221;top_left&#8221; background_repeat=&#8221;repeat&#8221; global_colors_info=&#8221;{}&#8221;]<\/p>\n<h3><span style=\"color: #800080;\"><strong>T\u00fcrbomakinalar<\/strong><\/span><\/h3>\n<p><span>T\u00fcrbomakinalar, enerjinin farkl\u0131 bi\u00e7imleri aras\u0131nda verimli bir \u015fekilde d\u00f6n\u00fc\u015ft\u00fcr\u00fclmesini sa\u011flamak \u00fczere tasarlanm\u0131\u015f t\u00fcrbinler, kompres\u00f6rler ve pompalar gibi y\u00fcksek performansl\u0131 makinelerin geni\u015f bir yelpazesini kapsar.<\/span><\/p>\n<p><span>T\u00fcrbomakinalar; enerji d\u00f6n\u00fc\u015f\u00fcm\u00fcn\u00fcn verimli bir \u015fekilde ger\u00e7ekle\u015ftirildi\u011fi enerji \u00fcretimi, havac\u0131l\u0131k ve petrol-gaz gibi sekt\u00f6rlerde \u00f6nemli bir rol oynayan y\u00fcksek performansl\u0131 ekipmanlar\u0131 i\u00e7erir. Biz, farkl\u0131 operasyonel ihtiya\u00e7lar\u0131 kar\u015f\u0131layacak \u00e7e\u015fitli tipte <strong>pistonlu (reciprocating)<\/strong>, <strong>vida (screw)<\/strong> ve <strong>santrif\u00fcj (centrifugal)<\/strong> kompres\u00f6rlerin tedarikinde uzman\u0131z.<\/span><\/p>\n<p><span>Uzmanl\u0131\u011f\u0131m\u0131z, standart \u00fcr\u00fcnlerin \u00f6tesine ge\u00e7erek, belirli operasyonel gereksinimlere g\u00f6re uyarlanm\u0131\u015f <strong>\u00f6zel \u00e7\u00f6z\u00fcmler<\/strong> sunmay\u0131 kapsar; b\u00f6ylece ekipman\u0131n\u0131z\u0131n <strong>optimum performans\u0131n\u0131<\/strong> ve <strong>uzun \u00f6m\u00fcrl\u00fcl\u00fc\u011f\u00fcn\u00fc<\/strong> garanti ederiz. Ayr\u0131ca, <strong>manyetik<\/strong> ve <strong>ya\u011f yatakl\u0131 sistemlere<\/strong> odaklanarak <strong>turbo genle\u015fme makineleri (turbo expanders)<\/strong> konusunda derin bir uzmanl\u0131\u011fa sahibiz.<\/span><\/p>\n<p>&nbsp;<\/p>\n<p>[\/et_pb_text][\/et_pb_column][\/et_pb_row][\/et_pb_section][et_pb_section fb_built=&#8221;1&#8243; admin_label=&#8221;section&#8221; _builder_version=&#8221;4.27.2&#8243; background_color=&#8221;#efefef&#8221; global_colors_info=&#8221;{}&#8221;][et_pb_row column_structure=&#8221;1_2,1_2&#8243; make_equal=&#8221;on&#8221; admin_label=&#8221;row&#8221; _builder_version=&#8221;4.27.2&#8243; background_size=&#8221;initial&#8221; background_position=&#8221;top_left&#8221; background_repeat=&#8221;repeat&#8221; global_colors_info=&#8221;{}&#8221;][et_pb_column type=&#8221;1_2&#8243; module_class=&#8221;ds-vertical-align&#8221; _builder_version=&#8221;4.27.2&#8243; custom_padding=&#8221;|||&#8221; global_colors_info=&#8221;{}&#8221; custom_padding__hover=&#8221;|||&#8221;][et_pb_image src=&#8221;https:\/\/samtekenerji.com\/tr\/wp-content\/uploads\/2024\/10\/ASU.jpg&#8221; alt=&#8221;Air Separation Units&#8221; title_text=&#8221;03 Leiva.indd&#8221; align=&#8221;center&#8221; _builder_version=&#8221;4.27.2&#8243; _module_preset=&#8221;default&#8221; width=&#8221;400px&#8221; module_alignment=&#8221;center&#8221; border_radii=&#8221;on|25px|25px|25px|25px&#8221; box_shadow_style=&#8221;preset4&#8243; box_shadow_color=&#8221;#B22166&#8243; global_colors_info=&#8221;{}&#8221;][\/et_pb_image][\/et_pb_column][et_pb_column type=&#8221;1_2&#8243; module_class=&#8221;ds-vertical-align&#8221; _builder_version=&#8221;4.27.2&#8243; custom_padding=&#8221;|||&#8221; global_colors_info=&#8221;{}&#8221; custom_padding__hover=&#8221;|||&#8221;][et_pb_text admin_label=&#8221;Text&#8221; _builder_version=&#8221;4.27.5&#8243; background_size=&#8221;initial&#8221; background_position=&#8221;top_left&#8221; background_repeat=&#8221;repeat&#8221; global_colors_info=&#8221;{}&#8221;]<\/p>\n<h3><span style=\"color: #800080;\"><strong>Hava Ay\u0131rma \u00dcniteleri (ASU)<\/strong><\/span><\/h3>\n<p>Hava Ay\u0131rma \u00dcniteleri (ASU&#8217;lar), atmosferik havay\u0131 azot, oksijen ve argon gibi temel bile\u015fenlerine ay\u0131rmak i\u00e7in kullan\u0131lan kritik sistemlerdir. Bu \u00fcniteler, sa\u011fl\u0131k, metalurji ve elektronik gibi end\u00fcstriler i\u00e7in gerekli olan y\u00fcksek safl\u0131kta gazlar \u00fcretmek i\u00e7in kriyojenik dam\u0131tma ve bas\u0131n\u00e7 sal\u0131n\u0131ml\u0131 adsorpsiyon gibi i\u015flemler kullan\u0131r.<\/p>\n<p><strong><\/strong>[\/et_pb_text][\/et_pb_column][\/et_pb_row][\/et_pb_section][et_pb_section fb_built=&#8221;1&#8243; admin_label=&#8221;section&#8221; _builder_version=&#8221;4.16&#8243; global_colors_info=&#8221;{}&#8221;][et_pb_row column_structure=&#8221;1_2,1_2&#8243; make_equal=&#8221;on&#8221; admin_label=&#8221;row&#8221; _builder_version=&#8221;4.27.2&#8243; background_size=&#8221;initial&#8221; background_position=&#8221;top_left&#8221; background_repeat=&#8221;repeat&#8221; global_colors_info=&#8221;{}&#8221;][et_pb_column type=&#8221;1_2&#8243; module_class=&#8221;ds-vertical-align&#8221; _builder_version=&#8221;4.27.2&#8243; custom_padding=&#8221;|||&#8221; global_colors_info=&#8221;{}&#8221; custom_padding__hover=&#8221;|||&#8221;][et_pb_image src=&#8221;https:\/\/samtekenerji.com\/tr\/wp-content\/uploads\/2024\/10\/fuel-gas-treatment.jpg&#8221; alt=&#8221;fuel gas treatment&#8221; title_text=&#8221;fuel-gas-treatment&#8221; align=&#8221;center&#8221; _builder_version=&#8221;4.27.2&#8243; _module_preset=&#8221;default&#8221; width=&#8221;400px&#8221; module_alignment=&#8221;center&#8221; border_radii=&#8221;on|25px|25px|25px|25px&#8221; box_shadow_style=&#8221;preset4&#8243; box_shadow_color=&#8221;#B22166&#8243; global_colors_info=&#8221;{}&#8221;][\/et_pb_image][\/et_pb_column][et_pb_column type=&#8221;1_2&#8243; module_class=&#8221;ds-vertical-align&#8221; _builder_version=&#8221;4.27.2&#8243; custom_padding=&#8221;|||&#8221; global_colors_info=&#8221;{}&#8221; custom_padding__hover=&#8221;|||&#8221;][et_pb_text admin_label=&#8221;Text&#8221; _builder_version=&#8221;4.27.5&#8243; background_size=&#8221;initial&#8221; background_position=&#8221;top_left&#8221; background_repeat=&#8221;repeat&#8221; global_colors_info=&#8221;{}&#8221;]<\/p>\n<h3><span style=\"color: #800080;\"><strong>Yak\u0131t Gaz\u0131 Ar\u0131tma<\/strong><\/span><\/h3>\n<p>Yak\u0131t gaz\u0131 ar\u0131tma, ham do\u011fal gaz\u0131n veya di\u011fer gaz halindeki yak\u0131tlar\u0131n kirleticileri gidermek ve kalite standartlar\u0131n\u0131 kar\u015f\u0131lamak i\u00e7in safla\u015ft\u0131r\u0131lmas\u0131n\u0131 ve \u015fartland\u0131r\u0131lmas\u0131n\u0131 i\u00e7erir.<br \/>\nBu i\u015flem, ak\u0131\u015f a\u015fa\u011f\u0131s\u0131 ekipmanlar\u0131n\u0131n g\u00fcvenli ve verimli bir \u015fekilde \u00e7al\u0131\u015fmas\u0131n\u0131 sa\u011flayarak emisyonlar\u0131 azalt\u0131r ve \u00e7evreyi korur.\n<\/p>\n<p>[\/et_pb_text][\/et_pb_column][\/et_pb_row][\/et_pb_section][et_pb_section fb_built=&#8221;1&#8243; admin_label=&#8221;section&#8221; _builder_version=&#8221;4.27.2&#8243; background_color=&#8221;#efefef&#8221; global_colors_info=&#8221;{}&#8221;][et_pb_row column_structure=&#8221;1_2,1_2&#8243; make_equal=&#8221;on&#8221; admin_label=&#8221;row&#8221; _builder_version=&#8221;4.27.2&#8243; background_size=&#8221;initial&#8221; background_position=&#8221;top_left&#8221; background_repeat=&#8221;repeat&#8221; global_colors_info=&#8221;{}&#8221;][et_pb_column type=&#8221;1_2&#8243; module_class=&#8221;ds-vertical-align&#8221; _builder_version=&#8221;4.27.2&#8243; custom_padding=&#8221;|||&#8221; global_colors_info=&#8221;{}&#8221; custom_padding__hover=&#8221;|||&#8221;][et_pb_image src=&#8221;https:\/\/samtekenerji.com\/tr\/wp-content\/uploads\/2024\/10\/Automation-and-Engineering-Solutions.jpg&#8221; alt=&#8221;Automation-and-Engineering-Solutions&#8221; title_text=&#8221;Automation-and-Engineering-Solutions&#8221; align=&#8221;center&#8221; _builder_version=&#8221;4.27.2&#8243; _module_preset=&#8221;default&#8221; width=&#8221;400px&#8221; module_alignment=&#8221;center&#8221; border_radii=&#8221;on|25px|25px|25px|25px&#8221; box_shadow_style=&#8221;preset4&#8243; box_shadow_color=&#8221;#B22166&#8243; global_colors_info=&#8221;{}&#8221;][\/et_pb_image][\/et_pb_column][et_pb_column type=&#8221;1_2&#8243; module_class=&#8221;ds-vertical-align&#8221; _builder_version=&#8221;4.27.2&#8243; custom_padding=&#8221;|||&#8221; global_colors_info=&#8221;{}&#8221; custom_padding__hover=&#8221;|||&#8221;][et_pb_text admin_label=&#8221;Text&#8221; _builder_version=&#8221;4.27.5&#8243; background_size=&#8221;initial&#8221; background_position=&#8221;top_left&#8221; background_repeat=&#8221;repeat&#8221; global_colors_info=&#8221;{}&#8221;]<\/p>\n<h3><span style=\"color: #800080;\"><strong>Otomasyon ve M\u00fchendislik \u00c7\u00f6z\u00fcmleri<\/strong><\/span><\/h3>\n<p>\u015eirketimiz, m\u00fchendislik ve dan\u0131\u015fmanl\u0131k hizmetleri de dahil olmak \u00fczere kapsaml\u0131 otomasyon \u00e7\u00f6z\u00fcmleri sunmaktad\u0131r. Pano \u00fcretiminde uzmanla\u015f\u0131yoruz ve AG da\u011f\u0131t\u0131m panolar\u0131, MCC ve s\u00fcr\u00fcc\u00fc panolar\u0131, PLC panolar\u0131 ve \u00f6zel tasar\u0131m panolar gibi geni\u015f bir yelpazede se\u00e7enekler sunuyoruz. Ayr\u0131ca, YG ve OG sistemleri, AG sistemleri, SCADA, zay\u0131f ak\u0131m altyap\u0131lar\u0131 ve daha bir\u00e7ok alanda profesyonel uzmanl\u0131\u011f\u0131m\u0131z mevcuttur.<br \/>\nHizmetlerimiz aras\u0131nda m\u00fchendislik tasar\u0131m\u0131, at\u00f6lye ve saha testleri, yerinde kurulum ve s\u00fcpervizyonu ve projelerinizin sorunsuz ve verimli bir \u015fekilde y\u00fcr\u00fct\u00fclmesini sa\u011flayan tam devreye alma deste\u011fi yer almaktad\u0131r.[\/et_pb_text][\/et_pb_column][\/et_pb_row][\/et_pb_section]<\/p>\n","protected":false},"excerpt":{"rendered":"<p>Ana sayfa &gt; Paket \u00c7\u00f6z\u00fcmlerT\u00fcrbomakinalar T\u00fcrbomakinalar, enerjinin farkl\u0131 bi\u00e7imleri aras\u0131nda verimli bir \u015fekilde d\u00f6n\u00fc\u015ft\u00fcr\u00fclmesini sa\u011flamak \u00fczere tasarlanm\u0131\u015f t\u00fcrbinler, kompres\u00f6rler ve pompalar gibi y\u00fcksek performansl\u0131 makinelerin geni\u015f bir yelpazesini kapsar. T\u00fcrbomakinalar; enerji d\u00f6n\u00fc\u015f\u00fcm\u00fcn\u00fcn verimli bir \u015fekilde ger\u00e7ekle\u015ftirildi\u011fi enerji \u00fcretimi, havac\u0131l\u0131k ve petrol-gaz gibi sekt\u00f6rlerde \u00f6nemli bir rol oynayan y\u00fcksek performansl\u0131 ekipmanlar\u0131 i\u00e7erir. Biz, farkl\u0131 operasyonel ihtiya\u00e7lar\u0131 [&hellip;]<\/p>\n","protected":false},"author":2,"featured_media":0,"parent":0,"menu_order":3,"comment_status":"closed","ping_status":"closed","template":"","meta":{"_et_pb_use_builder":"on","_et_pb_old_content":"<strong>\u2022 Turbo Machinery<\/strong>\r\n\r\nTurbo machinery encompasses a variety of high-performance machines, including turbines, compressors, and pumps, designed to efficiently convert energy between different forms.\r\n\r\n<strong>\u2022 Air Separation Units (ASU)<\/strong>\r\nAir Separation Units (ASUs) are critical systems used to separate atmospheric air into its primary components, primarily nitrogen, oxygen, and argon. These units employ processes such as cryogenic distillation and pressure swing adsorption to produce high-purity gases essential for industries like healthcare, metallurgy, and electronics.\r\n\r\n<strong>\u2022 Fuel Gas Treatment<\/strong>\r\n\r\nFuel gas treatment involves the purification and conditioning of raw natural gas or other gaseous fuels to remove contaminants and meet quality specifications. This process ensures the safe and efficient operation of\r\ndownstream equipment, reducing emissions and protecting the environment","_et_gb_content_width":"","footnotes":""},"class_list":["post-15","page","type-page","status-publish","hentry"],"_links":{"self":[{"href":"https:\/\/samtekenerji.com\/tr\/wp-json\/wp\/v2\/pages\/15","targetHints":{"allow":["GET"]}}],"collection":[{"href":"https:\/\/samtekenerji.com\/tr\/wp-json\/wp\/v2\/pages"}],"about":[{"href":"https:\/\/samtekenerji.com\/tr\/wp-json\/wp\/v2\/types\/page"}],"author":[{"embeddable":true,"href":"https:\/\/samtekenerji.com\/tr\/wp-json\/wp\/v2\/users\/2"}],"replies":[{"embeddable":true,"href":"https:\/\/samtekenerji.com\/tr\/wp-json\/wp\/v2\/comments?post=15"}],"version-history":[{"count":6,"href":"https:\/\/samtekenerji.com\/tr\/wp-json\/wp\/v2\/pages\/15\/revisions"}],"predecessor-version":[{"id":608,"href":"https:\/\/samtekenerji.com\/tr\/wp-json\/wp\/v2\/pages\/15\/revisions\/608"}],"wp:attachment":[{"href":"https:\/\/samtekenerji.com\/tr\/wp-json\/wp\/v2\/media?parent=15"}],"curies":[{"name":"wp","href":"https:\/\/api.w.org\/{rel}","templated":true}]}}