{"id":17,"date":"2024-07-08T10:38:31","date_gmt":"2024-07-08T07:38:31","guid":{"rendered":"https:\/\/samtekenerji.com\/tr\/?page_id=17"},"modified":"2025-12-09T10:03:28","modified_gmt":"2025-12-09T07:03:28","slug":"equipments","status":"publish","type":"page","link":"https:\/\/samtekenerji.com\/tr\/equipments\/","title":{"rendered":"Ekipmanlar"},"content":{"rendered":"<p>[et_pb_section fb_built=&#8221;1&#8243; fullwidth=&#8221;on&#8221; _builder_version=&#8221;4.27.2&#8243; _module_preset=&#8221;default&#8221; background_color=&#8221;#efefef&#8221; background_image=&#8221;https:\/\/samtekenerji.com\/tr\/wp-content\/uploads\/2024\/10\/Equipments-header.jpg&#8221; custom_padding=&#8221;||||false|false&#8221; locked=&#8221;off&#8221; global_colors_info=&#8221;{}&#8221;][et_pb_fullwidth_header title=&#8221;Ekipmanlar&#8221; _builder_version=&#8221;4.27.5&#8243; _module_preset=&#8221;default&#8221; title_text_align=&#8221;left&#8221; title_text_color=&#8221;#FFFFFF&#8221; title_font_size=&#8221;40px&#8221; content_text_align=&#8221;left&#8221; subhead_text_align=&#8221;left&#8221; content_link_text_color=&#8221;#FFFFFF&#8221; content_quote_text_align=&#8221;left&#8221; background_color=&#8221;rgba(0,0,0,0.49)&#8221; module_alignment=&#8221;left&#8221; custom_padding=&#8221;10%||10%||false|false&#8221; hover_enabled=&#8221;0&#8243; global_colors_info=&#8221;{}&#8221; sticky_enabled=&#8221;0&#8243;]<\/p>\n<p style=\"text-align: left;\"><a href=\"https:\/\/samtekenerji.com\/tr\/\">Ana sayfa<\/a> &gt; <a href=\"https:\/\/samtekenerji.com\/tr\/equipments\">Ekipmanlar<\/a><\/p>\n<p>[\/et_pb_fullwidth_header][\/et_pb_section][et_pb_section fb_built=&#8221;1&#8243; admin_label=&#8221;section&#8221; _builder_version=&#8221;4.16&#8243; locked=&#8221;off&#8221; global_colors_info=&#8221;{}&#8221;][et_pb_row column_structure=&#8221;1_2,1_2&#8243; make_equal=&#8221;on&#8221; admin_label=&#8221;row&#8221; _builder_version=&#8221;4.27.2&#8243; background_size=&#8221;initial&#8221; background_position=&#8221;top_left&#8221; background_repeat=&#8221;repeat&#8221; global_colors_info=&#8221;{}&#8221;][et_pb_column type=&#8221;1_2&#8243; module_class=&#8221;ds-vertical-align&#8221; _builder_version=&#8221;4.27.2&#8243; custom_padding=&#8221;|||&#8221; global_colors_info=&#8221;{}&#8221; custom_padding__hover=&#8221;|||&#8221;][et_pb_image src=&#8221;https:\/\/samtekenerji.com\/tr\/wp-content\/uploads\/2024\/10\/pump-2.jpg&#8221; alt=&#8221;pump&#8221; title_text=&#8221;pump-2&#8243; align=&#8221;center&#8221; _builder_version=&#8221;4.27.2&#8243; _module_preset=&#8221;default&#8221; width=&#8221;400px&#8221; module_alignment=&#8221;center&#8221; border_radii=&#8221;on|25px|25px|25px|25px&#8221; box_shadow_style=&#8221;preset4&#8243; box_shadow_color=&#8221;#B22166&#8243; global_colors_info=&#8221;{}&#8221;][\/et_pb_image][\/et_pb_column][et_pb_column type=&#8221;1_2&#8243; module_class=&#8221;ds-vertical-align&#8221; _builder_version=&#8221;4.27.2&#8243; custom_padding=&#8221;|||&#8221; global_colors_info=&#8221;{}&#8221; custom_padding__hover=&#8221;|||&#8221;][et_pb_text admin_label=&#8221;Text&#8221; _builder_version=&#8221;4.27.5&#8243; background_size=&#8221;initial&#8221; background_position=&#8221;top_left&#8221; background_repeat=&#8221;repeat&#8221; global_colors_info=&#8221;{}&#8221;]<\/p>\n<h3><span style=\"color: #800080;\"><strong>Pompalar<\/strong><\/span><\/h3>\n<p>End\u00fcstriyel ortamlardaki pompalar genellikle mekanik enerjiyi hidrolik enerjiye d\u00f6n\u00fc\u015ft\u00fcrerek \u00e7al\u0131\u015f\u0131r ve s\u0131v\u0131lar\u0131 bir sistem i\u00e7inde hareket ettirerek verimli bir proses ak\u0131\u015f\u0131 sa\u011flar. Genellikle s\u0131v\u0131 transferi, sirk\u00fclasyon ve bas\u0131n\u00e7 y\u00fckseltme gibi g\u00f6revlerde kullan\u0131l\u0131r. Yo\u011fu\u015fma suyu pompalama, kazan besleme suyu ve deniz suyu i\u015fleme gibi \u00e7e\u015fitli uygulamalar i\u00e7in tasarlanm\u0131\u015f, santrif\u00fcj ve vidal\u0131 pompalar da dahil olmak \u00fczere geni\u015f bir end\u00fcstriyel pompa yelpazesi tedarik etme konusunda uzmanla\u015fmak. Pompalar\u0131m\u0131z API standartlar\u0131n\u0131 kar\u015f\u0131lar ve proses optimizasyonu i\u00e7in m\u00fc\u015fteri \u00f6zelliklerine g\u00f6re \u00f6zelle\u015ftirilebilir. \u0130htiya\u00e7lar\u0131n\u0131z ister y\u00fcksek bas\u0131n\u00e7l\u0131 sistemler ister \u00f6zel s\u0131v\u0131 i\u015fleme olsun, pompa \u00e7\u00f6z\u00fcmlerimiz zorlu end\u00fcstriyel ortamlarda verimlilik, g\u00fcvenilirlik ve dayan\u0131kl\u0131l\u0131k sa\u011flar.[\/et_pb_text][\/et_pb_column][\/et_pb_row][\/et_pb_section][et_pb_section fb_built=&#8221;1&#8243; admin_label=&#8221;section&#8221; _builder_version=&#8221;4.27.2&#8243; background_color=&#8221;#efefef&#8221; locked=&#8221;off&#8221; global_colors_info=&#8221;{}&#8221;][et_pb_row column_structure=&#8221;1_2,1_2&#8243; make_equal=&#8221;on&#8221; admin_label=&#8221;row&#8221; _builder_version=&#8221;4.27.2&#8243; background_size=&#8221;initial&#8221; background_position=&#8221;top_left&#8221; background_repeat=&#8221;repeat&#8221; global_colors_info=&#8221;{}&#8221;][et_pb_column type=&#8221;1_2&#8243; module_class=&#8221;ds-vertical-align&#8221; _builder_version=&#8221;4.27.2&#8243; custom_padding=&#8221;|||&#8221; global_colors_info=&#8221;{}&#8221; custom_padding__hover=&#8221;|||&#8221;][et_pb_image src=&#8221;https:\/\/samtekenerji.com\/tr\/wp-content\/uploads\/2024\/10\/valve.jpg&#8221; title_text=&#8221;valve&#8221; align=&#8221;center&#8221; _builder_version=&#8221;4.27.5&#8243; _module_preset=&#8221;default&#8221; width=&#8221;400px&#8221; module_alignment=&#8221;center&#8221; border_radii=&#8221;on|25px|25px|25px|25px&#8221; box_shadow_style=&#8221;preset4&#8243; box_shadow_color=&#8221;#B22166&#8243; global_colors_info=&#8221;{}&#8221;][\/et_pb_image][\/et_pb_column][et_pb_column type=&#8221;1_2&#8243; module_class=&#8221;ds-vertical-align&#8221; _builder_version=&#8221;4.27.2&#8243; custom_padding=&#8221;|||&#8221; global_colors_info=&#8221;{}&#8221; custom_padding__hover=&#8221;|||&#8221;][et_pb_text admin_label=&#8221;Text&#8221; _builder_version=&#8221;4.27.5&#8243; background_size=&#8221;initial&#8221; background_position=&#8221;top_left&#8221; background_repeat=&#8221;repeat&#8221; global_colors_info=&#8221;{}&#8221;]<\/p>\n<h3><span style=\"color: #800080;\"><strong>Vanalar <\/strong><\/span><\/h3>\n<div class=\"et_pb_blurb_description\">\nVanalar, sivilarin ve gazlarin sistem i\u00e7inde ak\u0131\u015f\u0131n\u0131 ve bas\u0131nc\u0131n\u0131 kontrol ederek end\u00fcstriyel s\u00fcre\u00e7lerin hassas ve g\u00fcvenli \u015fekilde \u00e7al\u0131\u015fmas\u0131n\u0131 sa\u011flar.<br \/>\nMotor Tahrikli Vanalar (MOV), A\u00e7\/Kapa Vanalar, Bas\u0131n\u00e7 Emniyet Vanalar\u0131 (PSV), Kontrol Vanalari ve Manuel Vanalar dahil olmak \u00fczere geni\u015f bir vana yelpazesi sunuyoruz. Ayr\u0131ca, \u00f6zel m\u00fc\u015fteri ihtiya\u00e7lar\u0131na uygun olarak \u00fcretilmi\u015f vanalar da temin ediyoruz.[\/et_pb_text][\/et_pb_column][\/et_pb_row][\/et_pb_section][et_pb_section fb_built=&#8221;1&#8243; admin_label=&#8221;section&#8221; _builder_version=&#8221;4.16&#8243; locked=&#8221;off&#8221; global_colors_info=&#8221;{}&#8221;][et_pb_row column_structure=&#8221;1_2,1_2&#8243; make_equal=&#8221;on&#8221; admin_label=&#8221;row&#8221; _builder_version=&#8221;4.27.2&#8243; background_size=&#8221;initial&#8221; background_position=&#8221;top_left&#8221; background_repeat=&#8221;repeat&#8221; global_colors_info=&#8221;{}&#8221;][et_pb_column type=&#8221;1_2&#8243; module_class=&#8221;ds-vertical-align&#8221; _builder_version=&#8221;4.27.2&#8243; custom_padding=&#8221;|||&#8221; global_colors_info=&#8221;{}&#8221; custom_padding__hover=&#8221;|||&#8221;][et_pb_image src=&#8221;https:\/\/samtekenerji.com\/tr\/wp-content\/uploads\/2024\/10\/instruments.jpg&#8221; title_text=&#8221;instruments&#8221; align=&#8221;center&#8221; _builder_version=&#8221;4.27.5&#8243; _module_preset=&#8221;default&#8221; width=&#8221;400px&#8221; module_alignment=&#8221;center&#8221; border_radii=&#8221;on|25px|25px|25px|25px&#8221; box_shadow_style=&#8221;preset4&#8243; box_shadow_color=&#8221;#B22166&#8243; global_colors_info=&#8221;{}&#8221;][\/et_pb_image][\/et_pb_column][et_pb_column type=&#8221;1_2&#8243; module_class=&#8221;ds-vertical-align&#8221; _builder_version=&#8221;4.27.2&#8243; custom_padding=&#8221;|||&#8221; global_colors_info=&#8221;{}&#8221; custom_padding__hover=&#8221;|||&#8221;][et_pb_text admin_label=&#8221;Text&#8221; _builder_version=&#8221;4.27.5&#8243; background_size=&#8221;initial&#8221; background_position=&#8221;top_left&#8221; background_repeat=&#8221;repeat&#8221; global_colors_info=&#8221;{}&#8221;]<\/p>\n<h3><span style=\"color: #800080;\"><strong>Enstr\u00fcmantasyon<\/strong><\/span><\/h3>\n<p>Enstr\u00fcmanlar, end\u00fcstriyel sistemleri izleyip d\u00fczenleyerek, optimal performans ve g\u00fcvenli\u011fi sa\u011flamak i\u00e7in kritik veriler ve kontrol imk\u00e2n\u0131 sunar.<br \/>\nGeni\u015f bir \u00fcr\u00fcn yelpazesi sunmaktay\u0131z; bunlar aras\u0131nda transmitterler, debi \u00f6l\u00e7erler (flow meter), termocupla, \u00f6l\u00e7\u00fcm ve kontrol cihazlar\u0131 ile dozaj ekipmanlar\u0131 bulunmaktad\u0131r. \u00c7e\u015fitli \u00f6nde gelen markalardan temin edilen bu \u00fcr\u00fcnler, spesifik operasyonel ihtiya\u00e7lar\u0131n\u0131za uygun \u015fekilde \u00f6zelle\u015ftirilmektedir.[\/et_pb_text][\/et_pb_column][\/et_pb_row][\/et_pb_section][et_pb_section fb_built=&#8221;1&#8243; admin_label=&#8221;section&#8221; _builder_version=&#8221;4.27.2&#8243; background_color=&#8221;#efefef&#8221; locked=&#8221;off&#8221; global_colors_info=&#8221;{}&#8221;][et_pb_row column_structure=&#8221;1_2,1_2&#8243; make_equal=&#8221;on&#8221; admin_label=&#8221;row&#8221; _builder_version=&#8221;4.27.2&#8243; background_size=&#8221;initial&#8221; background_position=&#8221;top_left&#8221; background_repeat=&#8221;repeat&#8221; global_colors_info=&#8221;{}&#8221;][et_pb_column type=&#8221;1_2&#8243; module_class=&#8221;ds-vertical-align&#8221; _builder_version=&#8221;4.27.2&#8243; custom_padding=&#8221;|||&#8221; global_colors_info=&#8221;{}&#8221; custom_padding__hover=&#8221;|||&#8221;][et_pb_image src=&#8221;https:\/\/samtekenerji.com\/tr\/wp-content\/uploads\/2024\/10\/piping-meterial.jpg&#8221; title_text=&#8221;piping-meterial&#8221; align=&#8221;center&#8221; _builder_version=&#8221;4.27.5&#8243; _module_preset=&#8221;default&#8221; width=&#8221;400px&#8221; module_alignment=&#8221;center&#8221; border_radii=&#8221;on|25px|25px|25px|25px&#8221; box_shadow_style=&#8221;preset4&#8243; box_shadow_color=&#8221;#B22166&#8243; global_colors_info=&#8221;{}&#8221;][\/et_pb_image][\/et_pb_column][et_pb_column type=&#8221;1_2&#8243; module_class=&#8221;ds-vertical-align&#8221; _builder_version=&#8221;4.27.2&#8243; custom_padding=&#8221;|||&#8221; global_colors_info=&#8221;{}&#8221; custom_padding__hover=&#8221;|||&#8221;][et_pb_text admin_label=&#8221;Text&#8221; _builder_version=&#8221;4.27.5&#8243; background_size=&#8221;initial&#8221; background_position=&#8221;top_left&#8221; background_repeat=&#8221;repeat&#8221; global_colors_info=&#8221;{}&#8221;]<\/p>\n<h3><span style=\"color: #800080;\"><strong>Boru ve Borulama Malzemeleri<\/strong><\/span><\/h3>\n<p>Boru ve boru malzemeleri, sivilarin ve gazlarin ta\u015f\u0131nmas\u0131nda kritik \u00f6neme sahiptir; \u00e7e\u015fitli end\u00fcstriyel ortamlarda dayan\u0131kl\u0131l\u0131k ve verimlilik sa\u011flar.<br \/>\nFlanslar, \u00f6zel d\u00f6vme par\u00e7alar, ba\u011flant\u0131 elemanlar\u0131, end\u00fcksiyon dirsekleri, d\u00f6vme ba\u011flant\u0131lar, borular, t\u00fcpler, kaplamal\u0131 borular ve ba\u011flant\u0131 elemanlar\u0131, civata ve somunlar, bombe kapaklar ve vanalar dahil olmak \u00fczere geni\u015f bir \u00fcr\u00fcn yelpazesi sunuyoruz.<br \/>\nAyrica, diki\u015fsiz \u00e7elik borular, kaynakl\u0131 borular, sondaj saplamalari, muhafaza borulari ve di\u011fer OCTG (petrol sahasi boru \u00fcr\u00fcnleri) \u00fcr\u00fcnleri ile ba\u011flant\u0131 par\u00e7alari ve aksesuarlari da sa\u011fl\u0131yoruz.[\/et_pb_text][\/et_pb_column][\/et_pb_row][\/et_pb_section]<\/p>\n","protected":false},"excerpt":{"rendered":"<p>Ana sayfa &gt; EkipmanlarPompalar End\u00fcstriyel ortamlardaki pompalar genellikle mekanik enerjiyi hidrolik enerjiye d\u00f6n\u00fc\u015ft\u00fcrerek \u00e7al\u0131\u015f\u0131r ve s\u0131v\u0131lar\u0131 bir sistem i\u00e7inde hareket ettirerek verimli bir proses ak\u0131\u015f\u0131 sa\u011flar. Genellikle s\u0131v\u0131 transferi, sirk\u00fclasyon ve bas\u0131n\u00e7 y\u00fckseltme gibi g\u00f6revlerde kullan\u0131l\u0131r. Yo\u011fu\u015fma suyu pompalama, kazan besleme suyu ve deniz suyu i\u015fleme gibi \u00e7e\u015fitli uygulamalar i\u00e7in tasarlanm\u0131\u015f, santrif\u00fcj ve vidal\u0131 pompalar [&hellip;]<\/p>\n","protected":false},"author":2,"featured_media":0,"parent":0,"menu_order":4,"comment_status":"closed","ping_status":"closed","template":"","meta":{"_et_pb_use_builder":"on","_et_pb_old_content":"<p><strong>\u2022 Gas Turbine<\/strong><br \/>Gas turbines are powerful engines that convert natural gas or other fuels into mechanical energy for electricity generation and industrial processes<\/p><p><strong>\u2022 Valves<\/strong><br \/>Valves control the flow and pressure of liquids and gases within a system, ensuring precise and safe operation of various industrial processes<\/p><p>\u00a0<\/p><p><strong>\u2022 Instrument<\/strong><br \/>Instruments monitor and regulate industrial systems, providing critical data and control to maintain optimal performance and safety.<\/p><p>\u00a0<\/p><p><strong>\u2022 Pipes and Piping Material<\/strong><\/p><p>Pipes and piping materials are essential for transporting fluids and gases, designed for durability and efficiency in diverse industrial environments.<\/p>","_et_gb_content_width":"","footnotes":""},"class_list":["post-17","page","type-page","status-publish","hentry"],"_links":{"self":[{"href":"https:\/\/samtekenerji.com\/tr\/wp-json\/wp\/v2\/pages\/17","targetHints":{"allow":["GET"]}}],"collection":[{"href":"https:\/\/samtekenerji.com\/tr\/wp-json\/wp\/v2\/pages"}],"about":[{"href":"https:\/\/samtekenerji.com\/tr\/wp-json\/wp\/v2\/types\/page"}],"author":[{"embeddable":true,"href":"https:\/\/samtekenerji.com\/tr\/wp-json\/wp\/v2\/users\/2"}],"replies":[{"embeddable":true,"href":"https:\/\/samtekenerji.com\/tr\/wp-json\/wp\/v2\/comments?post=17"}],"version-history":[{"count":3,"href":"https:\/\/samtekenerji.com\/tr\/wp-json\/wp\/v2\/pages\/17\/revisions"}],"predecessor-version":[{"id":610,"href":"https:\/\/samtekenerji.com\/tr\/wp-json\/wp\/v2\/pages\/17\/revisions\/610"}],"wp:attachment":[{"href":"https:\/\/samtekenerji.com\/tr\/wp-json\/wp\/v2\/media?parent=17"}],"curies":[{"name":"wp","href":"https:\/\/api.w.org\/{rel}","templated":true}]}}