{"id":19,"date":"2024-07-08T10:38:41","date_gmt":"2024-07-08T07:38:41","guid":{"rendered":"https:\/\/samtekenerji.com\/tr\/?page_id=19"},"modified":"2025-12-09T10:04:32","modified_gmt":"2025-12-09T07:04:32","slug":"spare-parts","status":"publish","type":"page","link":"https:\/\/samtekenerji.com\/tr\/spare-parts\/","title":{"rendered":"Yedek Par\u00e7a"},"content":{"rendered":"<p>[et_pb_section fb_built=&#8221;1&#8243; fullwidth=&#8221;on&#8221; _builder_version=&#8221;4.27.2&#8243; _module_preset=&#8221;default&#8221; background_color=&#8221;#efefef&#8221; background_image=&#8221;https:\/\/samtekenerji.com\/tr\/wp-content\/uploads\/2024\/10\/spare-part-header.jpg&#8221; custom_padding=&#8221;||||false|false&#8221; locked=&#8221;off&#8221; global_colors_info=&#8221;{}&#8221;][et_pb_fullwidth_header title=&#8221;Yedek Par\u00e7a&#8221; _builder_version=&#8221;4.27.5&#8243; _module_preset=&#8221;default&#8221; title_text_align=&#8221;left&#8221; title_text_color=&#8221;#FFFFFF&#8221; title_font_size=&#8221;40px&#8221; content_text_align=&#8221;left&#8221; subhead_text_align=&#8221;left&#8221; content_link_text_color=&#8221;#FFFFFF&#8221; content_quote_text_align=&#8221;left&#8221; background_color=&#8221;rgba(0,0,0,0.49)&#8221; module_alignment=&#8221;left&#8221; custom_padding=&#8221;10%||10%||false|false&#8221; hover_enabled=&#8221;0&#8243; global_colors_info=&#8221;{}&#8221; sticky_enabled=&#8221;0&#8243;]<\/p>\n<p style=\"text-align: left;\"><a href=\"https:\/\/samtekenerji.com\/tr\/\">Ana sayfa<\/a> &gt; <a href=\"https:\/\/samtekenerji.com\/tr\/spare-parts\">Yedek Par\u00e7a<\/a><\/p>\n<p>[\/et_pb_fullwidth_header][\/et_pb_section][et_pb_section fb_built=&#8221;1&#8243; admin_label=&#8221;section&#8221; _builder_version=&#8221;4.16&#8243; locked=&#8221;off&#8221; global_colors_info=&#8221;{}&#8221;][et_pb_row column_structure=&#8221;1_2,1_2&#8243; make_equal=&#8221;on&#8221; admin_label=&#8221;row&#8221; _builder_version=&#8221;4.27.2&#8243; background_size=&#8221;initial&#8221; background_position=&#8221;top_left&#8221; background_repeat=&#8221;repeat&#8221; global_colors_info=&#8221;{}&#8221;][et_pb_column type=&#8221;1_2&#8243; module_class=&#8221;ds-vertical-align&#8221; _builder_version=&#8221;4.27.2&#8243; custom_padding=&#8221;|||&#8221; global_colors_info=&#8221;{}&#8221; custom_padding__hover=&#8221;|||&#8221;][et_pb_image src=&#8221;https:\/\/samtekenerji.com\/tr\/wp-content\/uploads\/2024\/10\/gas-turbine-spare-part.jpg&#8221; title_text=&#8221;gas-turbine-spare-part&#8221; align=&#8221;center&#8221; _builder_version=&#8221;4.27.2&#8243; _module_preset=&#8221;default&#8221; width=&#8221;400px&#8221; module_alignment=&#8221;center&#8221; border_radii=&#8221;on|25px|25px|25px|25px&#8221; box_shadow_style=&#8221;preset4&#8243; box_shadow_color=&#8221;#B22166&#8243; global_colors_info=&#8221;{}&#8221;][\/et_pb_image][\/et_pb_column][et_pb_column type=&#8221;1_2&#8243; module_class=&#8221;ds-vertical-align&#8221; _builder_version=&#8221;4.27.2&#8243; custom_padding=&#8221;|||&#8221; global_colors_info=&#8221;{}&#8221; custom_padding__hover=&#8221;|||&#8221;][et_pb_text admin_label=&#8221;Text&#8221; _builder_version=&#8221;4.27.5&#8243; background_size=&#8221;initial&#8221; background_position=&#8221;top_left&#8221; background_repeat=&#8221;repeat&#8221; global_colors_info=&#8221;{}&#8221;]<\/p>\n<h3><span style=\"color: #800080;\"><strong>Gaz T\u00fcrbini, Kompres\u00f6r ve Turbo Genle\u015fme \u00dcnitesi Yedek Par\u00e7alar\u0131<\/strong><\/span><\/h3>\n<p><span>Yedek par\u00e7alar, optimum performans\u0131n korunmas\u0131 ve kurulu ekipman\u0131n s\u00fcrekli \u00fcretkenli\u011finin sa\u011flanmas\u0131 i\u00e7in olmazsa olmazd\u0131r. T\u00fcrbin ve kompres\u00f6r \u00fcniteleri, herhangi bir tesisteki en kritik bile\u015fenler aras\u0131ndad\u0131r, bu nedenle proses kesintilerini \u00f6nlemek ve ba\u015far\u0131l\u0131 bir revizyon sa\u011flamak i\u00e7in yedek par\u00e7alar\u0131n\u0131n azami \u00f6zenle tedarik edilmesi hayati \u00f6nem ta\u015f\u0131r.<\/span><\/p>\n<p><span>Deneyimli ekibimiz ve sayg\u0131n kaynaklar\u0131m\u0131zla, \u00f6zel s\u0131cak par\u00e7alar ve m\u00fc\u015fteri gereksinimlerine g\u00f6re uyarlanm\u0131\u015f kompres\u00f6r bile\u015fenleri de dahil olmak \u00fczere \u00e7ok \u00e7e\u015fitli t\u00fcrbin yedek par\u00e7alar\u0131 sa\u011flayabiliriz. Ayr\u0131ca, kalite ve g\u00fcvenilirli\u011fi garanti alt\u0131na almak i\u00e7in m\u00fc\u015fteri onayl\u0131 \u00fcreticilerden tedarik sa\u011fl\u0131yoruz.<\/span><\/p>\n<p>&nbsp;<\/p>\n<p>[\/et_pb_text][\/et_pb_column][\/et_pb_row][\/et_pb_section][et_pb_section fb_built=&#8221;1&#8243; admin_label=&#8221;section&#8221; _builder_version=&#8221;4.27.2&#8243; background_color=&#8221;#efefef&#8221; locked=&#8221;off&#8221; global_colors_info=&#8221;{}&#8221;][et_pb_row column_structure=&#8221;1_2,1_2&#8243; make_equal=&#8221;on&#8221; admin_label=&#8221;row&#8221; _builder_version=&#8221;4.27.2&#8243; background_size=&#8221;initial&#8221; background_position=&#8221;top_left&#8221; background_repeat=&#8221;repeat&#8221; global_colors_info=&#8221;{}&#8221;][et_pb_column type=&#8221;1_2&#8243; module_class=&#8221;ds-vertical-align&#8221; _builder_version=&#8221;4.27.2&#8243; custom_padding=&#8221;|||&#8221; global_colors_info=&#8221;{}&#8221; custom_padding__hover=&#8221;|||&#8221;][et_pb_image src=&#8221;https:\/\/samtekenerji.com\/tr\/wp-content\/uploads\/2024\/10\/pump-spare-part.jpg&#8221; title_text=&#8221;pump-spare-part&#8221; align=&#8221;center&#8221; _builder_version=&#8221;4.27.2&#8243; _module_preset=&#8221;default&#8221; width=&#8221;400px&#8221; module_alignment=&#8221;center&#8221; border_radii=&#8221;on|25px|25px|25px|25px&#8221; box_shadow_style=&#8221;preset4&#8243; box_shadow_color=&#8221;#B22166&#8243; global_colors_info=&#8221;{}&#8221;][\/et_pb_image][\/et_pb_column][et_pb_column type=&#8221;1_2&#8243; module_class=&#8221;ds-vertical-align&#8221; _builder_version=&#8221;4.27.2&#8243; custom_padding=&#8221;|||&#8221; global_colors_info=&#8221;{}&#8221; custom_padding__hover=&#8221;|||&#8221;][et_pb_text admin_label=&#8221;Text&#8221; _builder_version=&#8221;4.27.5&#8243; background_size=&#8221;initial&#8221; background_position=&#8221;top_left&#8221; background_repeat=&#8221;repeat&#8221; global_colors_info=&#8221;{}&#8221;]<\/p>\n<h3><span style=\"color: #800080;\"><strong>Pompa Yedek Par\u00e7alar\u0131 <\/strong><\/span><\/h3>\n<p>Yedek par\u00e7alar, optimum performans\u0131n korunmas\u0131 ve kurulu ekipman\u0131n s\u00fcrekli \u00fcretkenli\u011finin sa\u011flanmas\u0131 i\u00e7in olmazsa olmazd\u0131r. API ve API d\u0131\u015f\u0131 pompalar dahil olmak \u00fczere \u00e7e\u015fitli pompa tipleri i\u00e7in yedek par\u00e7a tedarik ediyoruz. \u00d6zellikle Kazan Besleme Suyu (BFW) pompalar\u0131, kondensat pompalar\u0131, \u00e7ok vidal\u0131 pompalar ve Deniz Suyu pompalar\u0131 i\u00e7in yedek par\u00e7a sa\u011flayarak ekipman\u0131n\u0131z\u0131n verimli ve g\u00fcvenilir bir \u015fekilde \u00e7al\u0131\u015fmas\u0131n\u0131 sa\u011fl\u0131yoruz.[\/et_pb_text][\/et_pb_column][\/et_pb_row][\/et_pb_section]<\/p>\n","protected":false},"excerpt":{"rendered":"<p>Ana sayfa &gt; Yedek Par\u00e7aGaz T\u00fcrbini, Kompres\u00f6r ve Turbo Genle\u015fme \u00dcnitesi Yedek Par\u00e7alar\u0131 Yedek par\u00e7alar, optimum performans\u0131n korunmas\u0131 ve kurulu ekipman\u0131n s\u00fcrekli \u00fcretkenli\u011finin sa\u011flanmas\u0131 i\u00e7in olmazsa olmazd\u0131r. T\u00fcrbin ve kompres\u00f6r \u00fcniteleri, herhangi bir tesisteki en kritik bile\u015fenler aras\u0131ndad\u0131r, bu nedenle proses kesintilerini \u00f6nlemek ve ba\u015far\u0131l\u0131 bir revizyon sa\u011flamak i\u00e7in yedek par\u00e7alar\u0131n\u0131n azami \u00f6zenle tedarik edilmesi [&hellip;]<\/p>\n","protected":false},"author":2,"featured_media":0,"parent":0,"menu_order":5,"comment_status":"closed","ping_status":"closed","template":"","meta":{"_et_pb_use_builder":"on","_et_pb_old_content":"","_et_gb_content_width":"","footnotes":""},"class_list":["post-19","page","type-page","status-publish","hentry"],"_links":{"self":[{"href":"https:\/\/samtekenerji.com\/tr\/wp-json\/wp\/v2\/pages\/19","targetHints":{"allow":["GET"]}}],"collection":[{"href":"https:\/\/samtekenerji.com\/tr\/wp-json\/wp\/v2\/pages"}],"about":[{"href":"https:\/\/samtekenerji.com\/tr\/wp-json\/wp\/v2\/types\/page"}],"author":[{"embeddable":true,"href":"https:\/\/samtekenerji.com\/tr\/wp-json\/wp\/v2\/users\/2"}],"replies":[{"embeddable":true,"href":"https:\/\/samtekenerji.com\/tr\/wp-json\/wp\/v2\/comments?post=19"}],"version-history":[{"count":5,"href":"https:\/\/samtekenerji.com\/tr\/wp-json\/wp\/v2\/pages\/19\/revisions"}],"predecessor-version":[{"id":614,"href":"https:\/\/samtekenerji.com\/tr\/wp-json\/wp\/v2\/pages\/19\/revisions\/614"}],"wp:attachment":[{"href":"https:\/\/samtekenerji.com\/tr\/wp-json\/wp\/v2\/media?parent=19"}],"curies":[{"name":"wp","href":"https:\/\/api.w.org\/{rel}","templated":true}]}}