{"id":21,"date":"2024-07-08T10:39:16","date_gmt":"2024-07-08T07:39:16","guid":{"rendered":"https:\/\/samtekenerji.com\/tr\/?page_id=21"},"modified":"2025-12-09T10:05:35","modified_gmt":"2025-12-09T07:05:35","slug":"green-products","status":"publish","type":"page","link":"https:\/\/samtekenerji.com\/tr\/green-products\/","title":{"rendered":"\u00c7evre Dostu \u00dcr\u00fcnleri"},"content":{"rendered":"<p>[et_pb_section fb_built=&#8221;1&#8243; fullwidth=&#8221;on&#8221; _builder_version=&#8221;4.27.2&#8243; _module_preset=&#8221;default&#8221; background_color=&#8221;#efefef&#8221; background_image=&#8221;https:\/\/samtekenerji.com\/tr\/wp-content\/uploads\/2024\/10\/green-products-header.jpg&#8221; custom_padding=&#8221;||||false|false&#8221; locked=&#8221;off&#8221; global_colors_info=&#8221;{}&#8221;][et_pb_fullwidth_header title=&#8221;\u00c7evre Dostu \u00dcr\u00fcnleri&#8221; _builder_version=&#8221;4.27.5&#8243; _module_preset=&#8221;default&#8221; title_text_align=&#8221;left&#8221; title_text_color=&#8221;#FFFFFF&#8221; title_font_size=&#8221;40px&#8221; content_text_align=&#8221;left&#8221; subhead_text_align=&#8221;left&#8221; content_link_text_color=&#8221;#FFFFFF&#8221; content_quote_text_align=&#8221;left&#8221; background_color=&#8221;rgba(0,0,0,0.49)&#8221; module_alignment=&#8221;left&#8221; custom_padding=&#8221;10%||10%||false|false&#8221; hover_enabled=&#8221;0&#8243; global_colors_info=&#8221;{}&#8221; sticky_enabled=&#8221;0&#8243;]<\/p>\n<p style=\"text-align: left;\"><a href=\"https:\/\/samtekenerji.com\/tr\/\">Ana sayfa<\/a> &gt; <a href=\"https:\/\/samtekenerji.com\/tr\/green-products\/\">\u00c7evre Dostu \u00dcr\u00fcnleri<\/a><\/p>\n<p>[\/et_pb_fullwidth_header][\/et_pb_section][et_pb_section fb_built=&#8221;1&#8243; admin_label=&#8221;section&#8221; _builder_version=&#8221;4.16&#8243; locked=&#8221;off&#8221; global_colors_info=&#8221;{}&#8221;][et_pb_row column_structure=&#8221;1_2,1_2&#8243; make_equal=&#8221;on&#8221; admin_label=&#8221;row&#8221; _builder_version=&#8221;4.27.2&#8243; background_size=&#8221;initial&#8221; background_position=&#8221;top_left&#8221; background_repeat=&#8221;repeat&#8221; global_colors_info=&#8221;{}&#8221;][et_pb_column type=&#8221;1_2&#8243; module_class=&#8221;ds-vertical-align&#8221; _builder_version=&#8221;4.27.2&#8243; custom_padding=&#8221;|||&#8221; global_colors_info=&#8221;{}&#8221; custom_padding__hover=&#8221;|||&#8221;][et_pb_image src=&#8221;https:\/\/samtekenerji.com\/tr\/wp-content\/uploads\/2024\/10\/wind-turbin.jpg&#8221; title_text=&#8221;wind-turbin&#8221; align=&#8221;center&#8221; _builder_version=&#8221;4.27.2&#8243; _module_preset=&#8221;default&#8221; width=&#8221;400px&#8221; module_alignment=&#8221;center&#8221; border_radii=&#8221;on|25px|25px|25px|25px&#8221; box_shadow_style=&#8221;preset4&#8243; box_shadow_color=&#8221;#B22166&#8243; global_colors_info=&#8221;{}&#8221;][\/et_pb_image][\/et_pb_column][et_pb_column type=&#8221;1_2&#8243; module_class=&#8221;ds-vertical-align&#8221; _builder_version=&#8221;4.27.2&#8243; custom_padding=&#8221;|||&#8221; global_colors_info=&#8221;{}&#8221; custom_padding__hover=&#8221;|||&#8221;][et_pb_text admin_label=&#8221;Text&#8221; _builder_version=&#8221;4.27.5&#8243; background_size=&#8221;initial&#8221; background_position=&#8221;top_left&#8221; background_repeat=&#8221;repeat&#8221; global_colors_info=&#8221;{}&#8221;]<\/p>\n<h3><span style=\"color: #800080;\"><strong>R\u00fczgar T\u00fcrbinleri<br \/><\/strong><\/span><\/h3>\n<p>R\u00fczgar t\u00fcrbinleri, r\u00fczgar enerjisini elektrik enerjisine d\u00f6n\u00fc\u015ft\u00fcrerek, yenilenebilir ve \u00e7evre dostu bir enerji kayna\u011f\u0131 sa\u011flar ve karbon emisyonlar\u0131n\u0131 azalt\u0131r.<br \/>\nEn son teknolojilerle donat\u0131lm\u0131\u015f, 3.5 MW ile 6 MW arasinda degisen t\u00fcrbinlerle m\u00fc\u015fterilerimize destek olmaktan ve tedarik sa\u011flamaktan gurur duyuyoruz. Bu t\u00fcrbinler, maksimum performans ve verimlilik sa\u011flamak amac\u0131yla en g\u00fcncel \u00e7\u00f6z\u00fcmleri i\u00e7erir.[\/et_pb_text][\/et_pb_column][\/et_pb_row][\/et_pb_section][et_pb_section fb_built=&#8221;1&#8243; admin_label=&#8221;section&#8221; _builder_version=&#8221;4.27.2&#8243; background_color=&#8221;#efefef&#8221; locked=&#8221;off&#8221; global_colors_info=&#8221;{}&#8221;][et_pb_row column_structure=&#8221;1_2,1_2&#8243; make_equal=&#8221;on&#8221; admin_label=&#8221;row&#8221; _builder_version=&#8221;4.27.2&#8243; background_size=&#8221;initial&#8221; background_position=&#8221;top_left&#8221; background_repeat=&#8221;repeat&#8221; global_colors_info=&#8221;{}&#8221;][et_pb_column type=&#8221;1_2&#8243; module_class=&#8221;ds-vertical-align&#8221; _builder_version=&#8221;4.27.2&#8243; custom_padding=&#8221;|||&#8221; global_colors_info=&#8221;{}&#8221; custom_padding__hover=&#8221;|||&#8221;][et_pb_image src=&#8221;https:\/\/samtekenerji.com\/tr\/wp-content\/uploads\/2024\/10\/solar-panel.jpg&#8221; title_text=&#8221;solar-panel&#8221; align=&#8221;center&#8221; _builder_version=&#8221;4.27.2&#8243; _module_preset=&#8221;default&#8221; width=&#8221;400px&#8221; module_alignment=&#8221;center&#8221; border_radii=&#8221;on|25px|25px|25px|25px&#8221; box_shadow_style=&#8221;preset4&#8243; box_shadow_color=&#8221;#B22166&#8243; global_colors_info=&#8221;{}&#8221;][\/et_pb_image][\/et_pb_column][et_pb_column type=&#8221;1_2&#8243; module_class=&#8221;ds-vertical-align&#8221; _builder_version=&#8221;4.27.2&#8243; custom_padding=&#8221;|||&#8221; global_colors_info=&#8221;{}&#8221; custom_padding__hover=&#8221;|||&#8221;][et_pb_text admin_label=&#8221;Text&#8221; _builder_version=&#8221;4.27.5&#8243; background_size=&#8221;initial&#8221; background_position=&#8221;top_left&#8221; background_repeat=&#8221;repeat&#8221; global_colors_info=&#8221;{}&#8221;]<\/p>\n<h3><span style=\"color: #800080;\"><strong>G\u00fcne\u015f Panelleri <br \/><\/strong><\/span><\/h3>\n<p>G\u00fcnes panelleri, g\u00fcne\u015f \u0131\u015f\u0131\u011f\u0131n\u0131 elektri\u011fe \u00e7evirerek s\u00fcrd\u00fcr\u00fclebilir ve temiz bir enerji \u00e7\u00f6z\u00fcm\u00fc sunar; fosil yak\u0131tlara olan ba\u011f\u0131ml\u0131l\u0131\u011f\u0131 azalt\u0131r ve \u00e7evresel etkileri en aza indirir.<br \/>\nG\u00fcnes panelleri, invert\u00f6rler, EPC dan\u0131\u015fmanl\u0131\u011f\u0131, enerji depolama \u00e7\u00f6z\u00fcmleri ve kapsaml\u0131 sat\u0131\u015f sonras\u0131 destek dahil olmak \u00fczere g\u00fcne\u015f enerjisi projelerinizin uzun vadeli ba\u015far\u0131s\u0131n\u0131 g\u00fcvence alt\u0131na alacak \u00e7e\u015fitli hizmetler sunuyoruz.[\/et_pb_text][\/et_pb_column][\/et_pb_row][\/et_pb_section]<\/p>\n","protected":false},"excerpt":{"rendered":"<p>Ana sayfa &gt; \u00c7evre Dostu \u00dcr\u00fcnleriR\u00fczgar T\u00fcrbinleri R\u00fczgar t\u00fcrbinleri, r\u00fczgar enerjisini elektrik enerjisine d\u00f6n\u00fc\u015ft\u00fcrerek, yenilenebilir ve \u00e7evre dostu bir enerji kayna\u011f\u0131 sa\u011flar ve karbon emisyonlar\u0131n\u0131 azalt\u0131r. En son teknolojilerle donat\u0131lm\u0131\u015f, 3.5 MW ile 6 MW arasinda degisen t\u00fcrbinlerle m\u00fc\u015fterilerimize destek olmaktan ve tedarik sa\u011flamaktan gurur duyuyoruz. Bu t\u00fcrbinler, maksimum performans ve verimlilik sa\u011flamak amac\u0131yla en [&hellip;]<\/p>\n","protected":false},"author":2,"featured_media":0,"parent":0,"menu_order":6,"comment_status":"closed","ping_status":"closed","template":"","meta":{"_et_pb_use_builder":"on","_et_pb_old_content":"<p><strong>Wind turbines<\/strong><\/p><p>Wind turbines harness wind energy to generate electricity, providing a renewable and eco-friendly power source that reduces carbon emissions<\/p><p>\u00a0<\/p><p><strong>Solar Panels<\/strong><\/p><p>Solar panels convert sunlight into electricity, offering a sustainable and clean energy solution that helps decrease reliance on fossil fuels and lower environmental impact.<\/p>","_et_gb_content_width":"","footnotes":""},"class_list":["post-21","page","type-page","status-publish","hentry"],"_links":{"self":[{"href":"https:\/\/samtekenerji.com\/tr\/wp-json\/wp\/v2\/pages\/21","targetHints":{"allow":["GET"]}}],"collection":[{"href":"https:\/\/samtekenerji.com\/tr\/wp-json\/wp\/v2\/pages"}],"about":[{"href":"https:\/\/samtekenerji.com\/tr\/wp-json\/wp\/v2\/types\/page"}],"author":[{"embeddable":true,"href":"https:\/\/samtekenerji.com\/tr\/wp-json\/wp\/v2\/users\/2"}],"replies":[{"embeddable":true,"href":"https:\/\/samtekenerji.com\/tr\/wp-json\/wp\/v2\/comments?post=21"}],"version-history":[{"count":4,"href":"https:\/\/samtekenerji.com\/tr\/wp-json\/wp\/v2\/pages\/21\/revisions"}],"predecessor-version":[{"id":618,"href":"https:\/\/samtekenerji.com\/tr\/wp-json\/wp\/v2\/pages\/21\/revisions\/618"}],"wp:attachment":[{"href":"https:\/\/samtekenerji.com\/tr\/wp-json\/wp\/v2\/media?parent=21"}],"curies":[{"name":"wp","href":"https:\/\/api.w.org\/{rel}","templated":true}]}}