{"id":23,"date":"2024-07-08T10:39:31","date_gmt":"2024-07-08T07:39:31","guid":{"rendered":"https:\/\/samtekenerji.com\/tr\/?page_id=23"},"modified":"2025-12-09T10:06:57","modified_gmt":"2025-12-09T07:06:57","slug":"membrane-structure","status":"publish","type":"page","link":"https:\/\/samtekenerji.com\/tr\/membrane-structure\/","title":{"rendered":"Memberan Yap\u0131lar"},"content":{"rendered":"<p>[et_pb_section fb_built=&#8221;1&#8243; fullwidth=&#8221;on&#8221; _builder_version=&#8221;4.27.2&#8243; _module_preset=&#8221;default&#8221; background_color=&#8221;#efefef&#8221; background_image=&#8221;https:\/\/samtekenerji.com\/tr\/wp-content\/uploads\/2024\/10\/membrane-structure-header.png&#8221; custom_padding=&#8221;||||false|false&#8221; locked=&#8221;off&#8221; global_colors_info=&#8221;{}&#8221;][et_pb_fullwidth_header title=&#8221;Memberan Yap\u0131lar&#8221; _builder_version=&#8221;4.27.5&#8243; _module_preset=&#8221;default&#8221; title_text_align=&#8221;left&#8221; title_text_color=&#8221;#FFFFFF&#8221; title_font_size=&#8221;40px&#8221; content_text_align=&#8221;left&#8221; subhead_text_align=&#8221;left&#8221; content_link_text_color=&#8221;#FFFFFF&#8221; content_quote_text_align=&#8221;left&#8221; background_color=&#8221;rgba(0,0,0,0.49)&#8221; module_alignment=&#8221;left&#8221; custom_padding=&#8221;10%||10%||false|false&#8221; hover_enabled=&#8221;0&#8243; global_colors_info=&#8221;{}&#8221; sticky_enabled=&#8221;0&#8243;]<\/p>\n<p style=\"text-align: left;\"><a href=\"https:\/\/samtekenerji.com\/tr\/\">Ana sayfa<\/a> &gt; <a href=\"https:\/\/samtekenerji.com\/tr\/membrane-structure\/\">Memberan Yap\u0131lar<\/a><\/p>\n<p>[\/et_pb_fullwidth_header][\/et_pb_section][et_pb_section fb_built=&#8221;1&#8243; admin_label=&#8221;section&#8221; _builder_version=&#8221;4.16&#8243; locked=&#8221;off&#8221; global_colors_info=&#8221;{}&#8221;][et_pb_row column_structure=&#8221;1_2,1_2&#8243; make_equal=&#8221;on&#8221; admin_label=&#8221;row&#8221; _builder_version=&#8221;4.27.2&#8243; background_size=&#8221;initial&#8221; background_position=&#8221;top_left&#8221; background_repeat=&#8221;repeat&#8221; global_colors_info=&#8221;{}&#8221;][et_pb_column type=&#8221;1_2&#8243; module_class=&#8221;ds-vertical-align&#8221; _builder_version=&#8221;4.27.2&#8243; custom_padding=&#8221;|||&#8221; global_colors_info=&#8221;{}&#8221; custom_padding__hover=&#8221;|||&#8221;][et_pb_image src=&#8221;https:\/\/samtekenerji.com\/tr\/wp-content\/uploads\/2024\/10\/membrane-structure.jpg&#8221; title_text=&#8221;membrane-structure&#8221; align=&#8221;center&#8221; _builder_version=&#8221;4.27.2&#8243; _module_preset=&#8221;default&#8221; width=&#8221;400px&#8221; module_alignment=&#8221;center&#8221; border_radii=&#8221;on|25px|25px|25px|25px&#8221; box_shadow_style=&#8221;preset4&#8243; box_shadow_color=&#8221;#B22166&#8243; global_colors_info=&#8221;{}&#8221;][\/et_pb_image][\/et_pb_column][et_pb_column type=&#8221;1_2&#8243; module_class=&#8221;ds-vertical-align&#8221; _builder_version=&#8221;4.27.2&#8243; custom_padding=&#8221;|||&#8221; global_colors_info=&#8221;{}&#8221; custom_padding__hover=&#8221;|||&#8221;][et_pb_text admin_label=&#8221;Text&#8221; _builder_version=&#8221;4.27.5&#8243; background_size=&#8221;initial&#8221; background_position=&#8221;top_left&#8221; background_repeat=&#8221;repeat&#8221; global_colors_info=&#8221;{}&#8221;]<\/p>\n<h3><span style=\"color: #800080;\"><strong>Membran Yap\u0131<br \/><\/strong><\/span><\/h3>\n<p>G\u00fcne\u015f ve sert hava ko\u015fullar\u0131 gibi \u00e7evresel fakt\u00f6rlere kar\u015f\u0131 koruma.<br \/>\n\u00c7ekme membran yap\u0131lar ve konstr\u00fcksiyonlar, \u00e7a\u011fda\u015f mimarinin en yenilik\u00e7i ve yarat\u0131c\u0131 \u00e7\u00f6z\u00fcmlerinden biri olarak \u00f6ne \u00e7\u0131k\u0131yor. Bu hafif ve esnek yap\u0131lar, minimum destekle geni\u015f a\u00e7\u0131kl\u0131klar\u0131 kaplayarak hem estetik bir g\u00f6r\u00fcn\u00fcm hem de malzeme verimlili\u011fi sunuyor. \u00c7ok y\u00f6nl\u00fcl\u00fckleri, mimarlar\u0131n benzersiz tasar\u0131m olanaklar\u0131n\u0131 ke\u015ffetmelerine olanak tan\u0131yarak, ge\u00e7ici veya kal\u0131c\u0131 olsun, \u00e7e\u015fitli uygulamalar i\u00e7in tercih edilen bir se\u00e7enek haline getiriyor. Bu ba\u011flamda, m\u00fc\u015fterilerimize kapsaml\u0131 destek sunarak, her m\u00fc\u015fterinin \u00f6zel gereksinimlerini kar\u015f\u0131layacak \u015fekilde uyarlanm\u0131\u015f PVC, PTFE ve ETFE membran yap\u0131lar\u0131n yan\u0131 s\u0131ra \u00e7elik ve al\u00fcminyum konstr\u00fcksiyonlar i\u00e7in proje dan\u0131\u015fmanl\u0131\u011f\u0131, planlama, \u00fcretim, montaj, servis ve bak\u0131m hizmetleri sunuyoruz.[\/et_pb_text][\/et_pb_column][\/et_pb_row][\/et_pb_section]<\/p>\n","protected":false},"excerpt":{"rendered":"<p>Ana sayfa &gt; Memberan Yap\u0131larMembran Yap\u0131 G\u00fcne\u015f ve sert hava ko\u015fullar\u0131 gibi \u00e7evresel fakt\u00f6rlere kar\u015f\u0131 koruma. \u00c7ekme membran yap\u0131lar ve konstr\u00fcksiyonlar, \u00e7a\u011fda\u015f mimarinin en yenilik\u00e7i ve yarat\u0131c\u0131 \u00e7\u00f6z\u00fcmlerinden biri olarak \u00f6ne \u00e7\u0131k\u0131yor. Bu hafif ve esnek yap\u0131lar, minimum destekle geni\u015f a\u00e7\u0131kl\u0131klar\u0131 kaplayarak hem estetik bir g\u00f6r\u00fcn\u00fcm hem de malzeme verimlili\u011fi sunuyor. \u00c7ok y\u00f6nl\u00fcl\u00fckleri, mimarlar\u0131n benzersiz [&hellip;]<\/p>\n","protected":false},"author":2,"featured_media":0,"parent":0,"menu_order":7,"comment_status":"closed","ping_status":"closed","template":"","meta":{"_et_pb_use_builder":"on","_et_pb_old_content":"","_et_gb_content_width":"","footnotes":""},"class_list":["post-23","page","type-page","status-publish","hentry"],"_links":{"self":[{"href":"https:\/\/samtekenerji.com\/tr\/wp-json\/wp\/v2\/pages\/23","targetHints":{"allow":["GET"]}}],"collection":[{"href":"https:\/\/samtekenerji.com\/tr\/wp-json\/wp\/v2\/pages"}],"about":[{"href":"https:\/\/samtekenerji.com\/tr\/wp-json\/wp\/v2\/types\/page"}],"author":[{"embeddable":true,"href":"https:\/\/samtekenerji.com\/tr\/wp-json\/wp\/v2\/users\/2"}],"replies":[{"embeddable":true,"href":"https:\/\/samtekenerji.com\/tr\/wp-json\/wp\/v2\/comments?post=23"}],"version-history":[{"count":6,"href":"https:\/\/samtekenerji.com\/tr\/wp-json\/wp\/v2\/pages\/23\/revisions"}],"predecessor-version":[{"id":621,"href":"https:\/\/samtekenerji.com\/tr\/wp-json\/wp\/v2\/pages\/23\/revisions\/621"}],"wp:attachment":[{"href":"https:\/\/samtekenerji.com\/tr\/wp-json\/wp\/v2\/media?parent=23"}],"curies":[{"name":"wp","href":"https:\/\/api.w.org\/{rel}","templated":true}]}}